{"id":3609,"date":"2019-09-06T11:48:37","date_gmt":"2019-09-06T09:48:37","guid":{"rendered":"https:\/\/akalex.be\/mentions-legales\/"},"modified":"2020-05-12T15:27:24","modified_gmt":"2020-05-12T13:27:24","slug":"disclaimers","status":"publish","type":"page","link":"https:\/\/akalex.be\/en\/disclaimers\/","title":{"rendered":"Disclaimers"},"content":{"rendered":"<div class=\"wpb-content-wrapper\"><p>[vc_row][vc_column width=&#8221;2\/3&#8243;][vc_column_text]<\/p>\n<p>Ce site internet est soumis au droit belge.<\/p>\n<p>Les juridictions belges sont seules comp\u00e9tentes en cas de litige li\u00e9 au site.<\/p>\n<p>Le site et son contenu sont la propri\u00e9t\u00e9 de l\u2019association d\u2019avocats AKALEX et des associ\u00e9s qui la composent l\u2019association.<\/p>\n<p>Les noms, logos, images et documents pr\u00e9sents sur ce site ne peuvent \u00eatre utilis\u00e9s, reproduits, modifi\u00e9s ou utilis\u00e9s commercialement de quelque mani\u00e8re que ce soit, sans l\u2019accord pr\u00e9alable \u00e9crit de l\u2019association d\u2019avocats AKALEX.\u00a0\u00a0<\/p>\n<p>L\u2019association d\u2019avocats AKALEX se r\u00e9serve le droit de demander des dommages et int\u00e9r\u00eats en cas de contrefa\u00e7on et plus g\u00e9n\u00e9ralement d&#8217;atteinte \u00e0 ses droits de propri\u00e9t\u00e9 intellectuelle.<\/p>\n<p>Les informations contenues sur ce site internet ne constituent en aucun cas des conseils ou des avis juridiques.<\/p>\n<p>Si vous souhaitez obtenir un avis juridique, nous vous prions de toujours consulter l\u2019un des avocats de l\u2019association AKALEX.<\/p>\n<p>L\u2019association d\u2019avocats AKALEX d\u00e9cline par ailleurs toute responsabilit\u00e9 en cas d&#8217;erreur ou d&#8217;omission dans l&#8217;information fournie sur ce site web.<\/p>\n<p>Les d\u00e9cisions prises sur base d&#8217;informations fournies sur ce site web rel\u00e8vent de la responsabilit\u00e9 exclusive du visiteur.<\/p>\n<p>[\/vc_column_text][\/vc_column][vc_column width=&#8221;1\/3&#8243;]\n<div class=\"wpcf7 no-js\" id=\"wpcf7-f3742-o1\" lang=\"en-US\" dir=\"ltr\" data-wpcf7-id=\"3742\">\n<div class=\"screen-reader-response\"><p role=\"status\" aria-live=\"polite\" aria-atomic=\"true\"><\/p> <ul><\/ul><\/div>\n<form action=\"\/en\/wp-json\/wp\/v2\/pages\/3609#wpcf7-f3742-o1\" method=\"post\" class=\"wpcf7-form init\" aria-label=\"Contact form\" novalidate=\"novalidate\" data-status=\"init\">\n<fieldset class=\"hidden-fields-container\"><input type=\"hidden\" name=\"_wpcf7\" value=\"3742\" \/><input type=\"hidden\" name=\"_wpcf7_version\" value=\"6.1.5\" \/><input type=\"hidden\" name=\"_wpcf7_locale\" value=\"en_US\" \/><input type=\"hidden\" name=\"_wpcf7_unit_tag\" value=\"wpcf7-f3742-o1\" \/><input type=\"hidden\" name=\"_wpcf7_container_post\" value=\"0\" \/><input type=\"hidden\" name=\"_wpcf7_posted_data_hash\" value=\"\" \/><input type=\"hidden\" name=\"_wpcf7_recaptcha_response\" value=\"\" \/>\n<\/fieldset>\n<div class=\"practice-areas-form\">\n\t<h3 class=\"widgettitle\">Any questions regarding this section?\n\t<\/h3>\n\t<p><span class=\"wpcf7-form-control-wrap\" data-name=\"your-name\"><input size=\"40\" maxlength=\"400\" class=\"wpcf7-form-control wpcf7-text wpcf7-validates-as-required\" aria-required=\"true\" aria-invalid=\"false\" placeholder=\"Your First Name &amp; Last Name\" value=\"\" type=\"text\" name=\"your-name\" \/><\/span><br \/>\n<span class=\"wpcf7-form-control-wrap\" data-name=\"your-email\"><input size=\"40\" maxlength=\"400\" class=\"wpcf7-form-control wpcf7-email wpcf7-validates-as-required wpcf7-text wpcf7-validates-as-email\" aria-required=\"true\" aria-invalid=\"false\" placeholder=\"Your email address\" value=\"\" type=\"email\" name=\"your-email\" \/><\/span><br \/>\n<span class=\"wpcf7-form-control-wrap\" data-name=\"your-phone\"><input size=\"40\" maxlength=\"400\" class=\"wpcf7-form-control wpcf7-text wpcf7-validates-as-required\" aria-required=\"true\" aria-invalid=\"false\" placeholder=\"Mobile\" value=\"\" type=\"text\" name=\"your-phone\" \/><\/span><br \/>\n<span class=\"wpcf7-form-control-wrap\" data-name=\"your-message\"><textarea cols=\"40\" rows=\"10\" maxlength=\"2000\" class=\"wpcf7-form-control wpcf7-textarea\" aria-invalid=\"false\" placeholder=\"Your message\" name=\"your-message\"><\/textarea><\/span><br \/>\n<span class=\"wpcf7-form-control-wrap\" data-name=\"acceptance-843\"><span class=\"wpcf7-form-control wpcf7-acceptance\"><span class=\"wpcf7-list-item\"><label><input type=\"checkbox\" name=\"acceptance-843\" value=\"1\" aria-invalid=\"false\" \/><span class=\"wpcf7-list-item-label\">I consent to the website\u2019s  <a href=\"https:\/\/akalex.be\/politique-de-confidentialite\/\">privacy policy<\/a><\/span><\/label><\/span><\/span><\/span>\n\t<\/p>\n\t<p><input class=\"wpcf7-form-control wpcf7-submit has-spinner\" type=\"submit\" value=\"Submit message\" \/>\n\t<\/p>\n<\/div><div class=\"wpcf7-response-output\" aria-hidden=\"true\"><\/div>\n<\/form>\n<\/div>\n[\/vc_column][\/vc_row]<\/p>\n<\/div>","protected":false},"excerpt":{"rendered":"<p>[vc_row][vc_column width=&#8221;2\/3&#8243;][vc_column_text] Ce site internet est soumis au droit belge. Les juridictions belges sont seules comp\u00e9tentes en cas de litige li\u00e9 au site. Le site et son contenu sont la propri\u00e9t\u00e9 de l\u2019association d\u2019avocats AKALEX et des associ\u00e9s qui la composent l\u2019association. Les noms, logos, images et documents pr\u00e9sents sur ce site ne peuvent \u00eatre&#8230;<\/p>\n","protected":false},"author":1,"featured_media":0,"parent":0,"menu_order":0,"comment_status":"closed","ping_status":"open","template":"","meta":{"footnotes":""},"class_list":["post-3609","page","type-page","status-publish","hentry"],"_links":{"self":[{"href":"https:\/\/akalex.be\/en\/wp-json\/wp\/v2\/pages\/3609","targetHints":{"allow":["GET"]}}],"collection":[{"href":"https:\/\/akalex.be\/en\/wp-json\/wp\/v2\/pages"}],"about":[{"href":"https:\/\/akalex.be\/en\/wp-json\/wp\/v2\/types\/page"}],"author":[{"embeddable":true,"href":"https:\/\/akalex.be\/en\/wp-json\/wp\/v2\/users\/1"}],"replies":[{"embeddable":true,"href":"https:\/\/akalex.be\/en\/wp-json\/wp\/v2\/comments?post=3609"}],"version-history":[{"count":5,"href":"https:\/\/akalex.be\/en\/wp-json\/wp\/v2\/pages\/3609\/revisions"}],"predecessor-version":[{"id":3727,"href":"https:\/\/akalex.be\/en\/wp-json\/wp\/v2\/pages\/3609\/revisions\/3727"}],"wp:attachment":[{"href":"https:\/\/akalex.be\/en\/wp-json\/wp\/v2\/media?parent=3609"}],"curies":[{"name":"wp","href":"https:\/\/api.w.org\/{rel}","templated":true}]}}